{"id":3,"date":"2021-12-22T08:28:46","date_gmt":"2021-12-22T08:28:46","guid":{"rendered":"https:\/\/taxiservicesiracusa.com\/?page_id=3"},"modified":"2022-04-01T11:15:12","modified_gmt":"2022-04-01T09:15:12","slug":"privacy-policy","status":"publish","type":"page","link":"https:\/\/taxiservicesiracusa.com\/en\/privacy-policy\/","title":{"rendered":"Privacy and Cookie Policy"},"content":{"rendered":"<p><strong>PRIVACY E COOKIE POLICY<\/strong><\/p>\n<p><strong>Privacy Policy<\/strong><\/p>\n<p>In questa pagina vengono descritte le procedure di gestione del sito www.taxiservicesiracusa.com relativamente al trattamento dei dati personali degli utenti che vi navigano.<\/p>\n<p>L\u2019informativa sulla privacy \u00e8 resa ai sensi dell\u2019art. 13 del d. lg. n. 196\/2003 \u2013 Codice in materia di protezione dei dati personali a coloro che interagiscono con i servizi web di questo sito.<\/p>\n<p><strong>Titolare del trattamento dei dati<\/strong><\/p>\n<p>Taxi Service Siracusa di Andrea Baio<\/p>\n<p>Via Emanuele de Benedictis, 16 &#8211; 96100 Siracusa<\/p>\n<p>P.iva: 01837180890<\/p>\n<p><strong>Email del titolare del trattamento<\/strong><\/p>\n<p>info@taxiservicesiracusa.com<\/p>\n<p>&nbsp;<\/p>\n<p>Gentile utente, con l\u2019entrata in vigore del\u00a0<strong>Regolamento Europeo sulla Protezione dei Dati (GDPR), dal 25 maggio 2018<\/strong>, la informiamo che abbiamo aggiornato l\u2019informativa sulla privacy e la cookie policy di Taxi Service Siracusa. Potr\u00e0 prendere visione delle modalit\u00e0 e delle diverse finalit\u00e0 di trattamento dei suoi dati, oltre a conoscere i diritti relativi ai suoi dati. Qualora volesse apportare conoscere i dati registrati nel nostro sito, pu\u00f2 utilizzare il modulo in fondo alla pagina e modificare i dati registrati.<\/p>\n<p><em><strong>Tutela dei dati personali<\/strong><\/em><br \/>\nAl fine di poter utilizzare al meglio i servizi e\/o informazioni che Taxi Service Siracusa<strong>\u00a0<\/strong>mette a disposizione attraverso il proprio sito web, all\u2019utente potrebbe essere richiesto di fornire informazioni e\/o dati riferimenti al proprio indirizzo (anche email) ecc.<\/p>\n<p><em><strong>Informativa a tutela della privacy<\/strong><\/em><br \/>\n<em>REGOLAMENTO (UE) 2016\/679 DEL PARLAMENTO EUROPEO E DEL CONSIGLIO del 27 aprile 2016 relativo alla protezione delle persone fisiche con riguardo al trattamento dei dati personali, nonch\u00e9 alla libera circolazione di tali dati e che abroga la direttiva 95\/46\/CE.<\/em><\/p>\n<p><em><strong>Regolamento generale sulla protezione dei dati<\/strong><\/em><br \/>\nIn riferimento agli articoli 13 e 14 del D. Lgs. in vigore dal 25 Maggio 2018, denominato, garantiamo che il trattamento dei dati personali si svolga nel rispetto dei diritti e delle libert\u00e0 fondamentali, nonch\u00e9 della dignit\u00e0 dell\u2019interessato, con particolare riferimento alla riservatezza, all\u2019identit\u00e0 personale e al diritto alla protezione dei dati personali.<br \/>\nPer trattamento, ai sensi dell\u2019art. 13 e 14 del\u00a0<strong>REGOLAMENTO (UE) 2016\/679 DEL PARLAMENTO EUROPEO E DEL CONSIGLIO del 27 aprile 2016<\/strong>, si intende qualsiasi operazione (raccolta,\u00a0 registrazione, organizzazione, conservazione, consultazione, elaborazione, modificazione, selezione, estrazione, raffronto, utilizzo, interconnessione, blocco, comunicazione, diffusione, cancellazione e distruzione) applicata a dati personali compiuta con o senza l\u2019ausilio di strumenti elettronici.<br \/>\nVi informiamo che i dati da Voi fornitici, oppure altrimenti acquisiti nell\u2019ambito della nostra attivit\u00e0, formano\u00a0oggetto di trattamento, in forma manuale e\/o informatica, secondo i criteri di liceit\u00e0, correttezza e nella piena tutela dei Vostri diritti ed in particolare della Vostra riservatezza.<\/p>\n<p><strong>PERTANTO VI INFORMIAMO CHE:<\/strong><\/p>\n<ol>\n<li>I dati vengono trattati in relazione alle esigenze contrattuali, all\u2019adempimento di obblighi previsti da leggi, da regolamenti e dalla normativa comunitaria, oltre che per consentire una efficace gestione amministrativa dei rapporti con Voi intercorrenti. I dati verranno trattati in forma manuale e\/o su supporto magnetico, elettronico o telematico.<\/li>\n<li>Ferme restando le comunicazioni e diffusioni effettuate in esecuzione di obblighi di legge, ai soli fini della tutela del credito e della migliore gestione dei nostri diritti relativi al singolo rapporto commerciale. Il trattamento dei dati, oltre alle finalit\u00e0 connesse, strumentali e necessarie alla fornitura del Servizio.<\/li>\n<li>Il trattamento dei dati di cui al punto 1 \u00e8 obbligatorio ed essenziale ai fini dei rapporti contrattuali. L\u2019eventuale rifiuto a fornire i dati stessi ed al loro trattamento potr\u00e0 determinare l\u2019impossibilit\u00e0 a dar corso ai rapporti contrattuali medesimi.<\/li>\n<li>I dati verranno trattati per tutta la durata dei rapporti contrattuali instaurati ed anche successivamente per l\u2019espletamento di norme di legge e per finalit\u00e0 commerciali.<\/li>\n<li>Ai sensi dell\u2019art. 13-14 del Regolamento UE 2016\/679 in vigore dal 25 maggio 2018, il Cliente ha il diritto di opporsi, in tutto o in parte, per motivi legittimi, al trattamento e pu\u00f2, secondo le modalit\u00e0 e nei limiti previsti dalla vigente normativa, richiedere la conferma dell\u2019esistenza di dati personali che lo riguardano, e conoscerne l\u2019origine, riceverne comunicazione intelligibile, avere informazioni circa la logica, le modalit\u00e0 e le finalit\u00e0 del trattamento, richiederne l\u2019aggiornamento, la rettifica, l\u2019integrazione, richiedere la cancellazione, la trasformazione in forma anonima, il blocco dei dati\u00a0 trattati in violazione di legge, ivi compresi quelli non pi\u00f9 necessari al perseguimento degli scopi per i quali sono stati raccolti.<\/li>\n<li>Il titolare del trattamento \u00e8 Taxi Service Siracusa di Andrea Baio Via Emanuele de Benedictis, 16 &#8211; 96100 Siracusa. I dati possono essere trattati presso la sede della societ\u00e0 o presso gli studi di consulenza fiscale, nonch\u00e9 presso eventuali altri professionisti, ai quali \u00e8 stato conferito il mandato per l\u2019elaborazione della contabilit\u00e0 e quant\u2019altro di competenza.<br \/>\nCon riferimento a ci\u00f2, si conferma che tutti i dati saranno trattati nel pi\u00f9 completo rispetto del\u00a0<em>Codice in materia di protezione dei dati personali\u00a0<\/em>(Regolamento UE 2016\/679).<\/li>\n<\/ol>\n<p>&nbsp;<\/p>\n<h3 class=\"title\">Cookie Policy<\/h3>\n<h3>Che cosa sono i cookie?<\/h3>\n<p>Un cookie \u00e8 un piccolo file di lettere e numeri che pu\u00f2 essere memorizzato sul tuo browser o sul disco fisso del tuo computer quando visiti il nostro sito web. I cookie contengono informazioni sulle tue visite al suddetto sito web.<\/p>\n<h3>Cookie di terze parti<\/h3>\n<p>Visitando un sito web si possono ricevere cookie sia dal sito visitato (prima parte), sia da siti gestiti da altre organizzazioni (terze parti). Esempi notevoli sono la presenza di \u201cembed\u201d video\u00a0o \u201csocial plugin\u201d da servizi di social network. Si tratta di parti della pagina visitata generate direttamente dai suddetti siti ed integrati nella pagina del sito ospitante. L\u2019utilizzo pi\u00f9 comune\u00a0\u00e8 finalizzato alla condivisione dei contenuti sui social network.<\/p>\n<p>La presenza di questi plugin comporta la trasmissione di cookie da e verso tutti i siti gestiti da terze parti. La gestione delle informazioni raccolte da terze parti \u00e8 \u00a0disciplinata dalle relative informative cui si prega di fare riferimento. Per garantire una maggiore trasparenza e comodit\u00e0, si riportano qui di seguito \u00a0gli indirizzi web delle diverse informative e delle modalit\u00e0 per la gestione dei cookie.<\/p>\n<p>Facebook informativa:\u00a0<a href=\"https:\/\/www.facebook.com\/help\/cookies\/\">https:\/\/www.facebook.com\/help\/cookies\/<br \/>\n<\/a>Facebook (configurazione): accedere al proprio account. Sezione privacy.<\/p>\n<p>Twitter informative:\u00a0<a href=\"https:\/\/support.twitter.com\/articles\/20170514\">https:\/\/support.twitter.com\/articles\/20170514<br \/>\n<\/a>Twitter (configurazione):\u00a0<a href=\"https:\/\/twitter.com\/settings\/security\">https:\/\/twitter.com\/settings\/security<\/a><\/p>\n<p>Google+ informativa:\u00a0<a href=\"http:\/\/www.google.it\/intl\/it\/policies\/technologies\/cookies\/\">http:\/\/www.google.it\/intl\/it\/policies\/technologies\/cookies\/<br \/>\n<\/a>Google+ (configurazione):\u00a0<a href=\"http:\/\/www.google.it\/intl\/it\/policies\/technologies\/managing\/\">http:\/\/www.google.it\/intl\/it\/policies\/technologies\/managing\/<\/a><\/p>\n<p>Includiamo anche taluni componenti\u00a0da Google Analytics, un servizio di analisi del traffico web fornito da Google. Anche in questo caso si tratta di cookie di terze parti raccolti e gestiti in modo anonimo per monitorare e migliorare le prestazioni del sito ospite (performance cookie).<\/p>\n<p>Google Analytics pu\u00f2 raccogliere e analizzare\u00a0in forma anonima le informazioni sui comportamenti di utilizzo. Tali informazioni vengono raccolte da Google Analytics, che le elabora allo scopo di redigere report sui siti web stessi. Questo sito non utilizza (e non consente a terzi di utilizzare) lo strumento di analisi di Google per monitorare o per raccogliere informazioni personali di identificazione. Google non associa l\u2019indirizzo IP a nessun altro dato posseduto da Google n\u00e9 cerca di collegare un indirizzo IP con l\u2019identit\u00e0 di un utente. Google pu\u00f2 anche comunicare queste informazioni a terzi ove ci\u00f2 sia imposto dalla legge o laddove tali terzi trattino le suddette informazioni per conto di Google.<\/p>\n<p>Per ulteriori informazioni, si rinvia al link di seguito indicato:<br \/>\n<a href=\"https:\/\/www.google.it\/policies\/privacy\/partners\/\">https:\/\/www.google.it\/policies\/privacy\/partners\/<\/a><\/p>\n<p>L\u2019utente pu\u00f2 disabilitare in modo selettivo l\u2019azione di Google Analytics installando sul proprio\u00a0<em>browser<\/em>\u00a0la componente di\u00a0<em>opt-out<\/em>\u00a0fornito da Google. Per disabilitare l\u2019azione di Google Analytics, si rinvia al link di seguito indicato:<br \/>\n<a href=\"https:\/\/tools.google.com\/dlpage\/gaoptout\">https:\/\/tools.google.com\/dlpage\/gaoptout<\/a><\/p>\n<p>&nbsp;<\/p>\n<p>Se hai domande o commenti concernenti la presente politica sui cookie, contattaci all\u2019indirizzo: info@taxiservicesiracusa.com<\/p>\n<h3>Come modificare le impostazioni sui cookie<\/h3>\n<p>La maggior parte dei browser permette di cancellare i cookie dal disco fisso del computer, di bloccare l\u2019accettazione dei cookie o di ricevere un avviso prima che un cookie venga memorizzato.<\/p>\n<p>Come modificare le impostazioni per:<\/p>\n<ul>\n<li><a title=\"Google Chrome\" href=\"http:\/\/support.google.com\/chrome\/answer\/95647?hl=it\">Google Chrome<\/a><\/li>\n<li><a title=\"Firefox\" href=\"https:\/\/support.mozilla.org\/it\/kb\/Attivare%20e%20disattivare%20i%20cookie\">Mozilla Firefox<\/a><\/li>\n<li><a title=\"Internet Explorer\" href=\"http:\/\/support.microsoft.com\/kb\/196955\">Internet Explorer<\/a><\/li>\n<li><a title=\"safari\" href=\"http:\/\/support.apple.com\/kb\/PH5042\">Safari<\/a><\/li>\n<\/ul>\n<h3>Garante della Privacy sui Cookie:<\/h3>\n<p><a href=\"http:\/\/www.garanteprivacy.it\/web\/guest\/home\/docweb\/-\/docweb-display\/docweb\/3118884\">Informativa e consenso per l\u2019uso dei cookie<br \/>\n<\/a><a href=\"http:\/\/www.garanteprivacy.it\/web\/guest\/home\/docweb\/-\/docweb-display\/docweb\/2142939\">Faq in materia di cookie<\/a><\/p>","protected":false},"excerpt":{"rendered":"<p>PRIVACY E COOKIE POLICY Privacy Policy In questa pagina vengono descritte le procedure di gestione del sito www.taxiservicesiracusa.com relativamente al trattamento dei dati personali degli utenti che vi navigano. L\u2019informativa sulla privacy \u00e8 resa ai sensi dell\u2019art. 13 del d. lg. n. 196\/2003 \u2013 Codice in materia di protezione dei dati personali a coloro che&hellip;<\/p>","protected":false},"author":1,"featured_media":0,"parent":0,"menu_order":0,"comment_status":"closed","ping_status":"open","template":"","meta":{"_joinchat":[],"footnotes":""},"class_list":["post-3","page","type-page","status-publish","hentry","description-off"],"yoast_head":"<!-- This site is optimized with the Yoast SEO plugin v27.4 - https:\/\/yoast.com\/product\/yoast-seo-wordpress\/ -->\n<title>Privacy e Cookie Policy - Taxi Service Siracusa<\/title>\n<meta name=\"robots\" content=\"noindex, nofollow\" \/>\n<meta property=\"og:locale\" content=\"en_GB\" \/>\n<meta property=\"og:type\" content=\"article\" \/>\n<meta property=\"og:title\" content=\"Privacy e Cookie Policy - Taxi Service Siracusa\" \/>\n<meta property=\"og:description\" content=\"PRIVACY E COOKIE POLICY Privacy Policy In questa pagina vengono descritte le procedure di gestione del sito www.taxiservicesiracusa.com relativamente al trattamento dei dati personali degli utenti che vi navigano. L\u2019informativa sulla privacy \u00e8 resa ai sensi dell\u2019art. 13 del d. lg. n. 196\/2003 \u2013 Codice in materia di protezione dei dati personali a coloro che&hellip;\" \/>\n<meta property=\"og:url\" content=\"https:\/\/taxiservicesiracusa.com\/en\/privacy-policy\/\" \/>\n<meta property=\"og:site_name\" content=\"Taxi Service Siracusa\" \/>\n<meta property=\"article:modified_time\" content=\"2022-04-01T09:15:12+00:00\" \/>\n<meta name=\"twitter:card\" content=\"summary_large_image\" \/>\n<meta name=\"twitter:label1\" content=\"Estimated reading time\" \/>\n\t<meta name=\"twitter:data1\" content=\"7 minutes\" \/>\n<script type=\"application\/ld+json\" class=\"yoast-schema-graph\">{\"@context\":\"https:\\\/\\\/schema.org\",\"@graph\":[{\"@type\":\"WebPage\",\"@id\":\"https:\\\/\\\/taxiservicesiracusa.com\\\/privacy-policy\\\/\",\"url\":\"https:\\\/\\\/taxiservicesiracusa.com\\\/privacy-policy\\\/\",\"name\":\"Privacy e Cookie Policy - Taxi Service Siracusa\",\"isPartOf\":{\"@id\":\"https:\\\/\\\/taxiservicesiracusa.com\\\/#website\"},\"datePublished\":\"2021-12-22T08:28:46+00:00\",\"dateModified\":\"2022-04-01T09:15:12+00:00\",\"breadcrumb\":{\"@id\":\"https:\\\/\\\/taxiservicesiracusa.com\\\/privacy-policy\\\/#breadcrumb\"},\"inLanguage\":\"en-GB\",\"potentialAction\":[{\"@type\":\"ReadAction\",\"target\":[\"https:\\\/\\\/taxiservicesiracusa.com\\\/privacy-policy\\\/\"]}]},{\"@type\":\"BreadcrumbList\",\"@id\":\"https:\\\/\\\/taxiservicesiracusa.com\\\/privacy-policy\\\/#breadcrumb\",\"itemListElement\":[{\"@type\":\"ListItem\",\"position\":1,\"name\":\"Home\",\"item\":\"https:\\\/\\\/taxiservicesiracusa.com\\\/\"},{\"@type\":\"ListItem\",\"position\":2,\"name\":\"Privacy e Cookie Policy\"}]},{\"@type\":\"WebSite\",\"@id\":\"https:\\\/\\\/taxiservicesiracusa.com\\\/#website\",\"url\":\"https:\\\/\\\/taxiservicesiracusa.com\\\/\",\"name\":\"Taxi Service Siracusa\",\"description\":\"Servizio Taxi Siracusa\",\"publisher\":{\"@id\":\"https:\\\/\\\/taxiservicesiracusa.com\\\/#organization\"},\"potentialAction\":[{\"@type\":\"SearchAction\",\"target\":{\"@type\":\"EntryPoint\",\"urlTemplate\":\"https:\\\/\\\/taxiservicesiracusa.com\\\/?s={search_term_string}\"},\"query-input\":{\"@type\":\"PropertyValueSpecification\",\"valueRequired\":true,\"valueName\":\"search_term_string\"}}],\"inLanguage\":\"en-GB\"},{\"@type\":\"Organization\",\"@id\":\"https:\\\/\\\/taxiservicesiracusa.com\\\/#organization\",\"name\":\"Taxi Service Siracusa\",\"url\":\"https:\\\/\\\/taxiservicesiracusa.com\\\/\",\"logo\":{\"@type\":\"ImageObject\",\"inLanguage\":\"en-GB\",\"@id\":\"https:\\\/\\\/taxiservicesiracusa.com\\\/#\\\/schema\\\/logo\\\/image\\\/\",\"url\":\"https:\\\/\\\/taxiservicesiracusa.com\\\/wp-content\\\/uploads\\\/2022\\\/01\\\/logo-Taxi-Service-Siracusa-180px.png\",\"contentUrl\":\"https:\\\/\\\/taxiservicesiracusa.com\\\/wp-content\\\/uploads\\\/2022\\\/01\\\/logo-Taxi-Service-Siracusa-180px.png\",\"width\":569,\"height\":180,\"caption\":\"Taxi Service Siracusa\"},\"image\":{\"@id\":\"https:\\\/\\\/taxiservicesiracusa.com\\\/#\\\/schema\\\/logo\\\/image\\\/\"}}]}<\/script>\n<!-- \/ Yoast SEO plugin. -->","yoast_head_json":{"title":"Privacy e Cookie Policy - Taxi Service Siracusa","robots":{"index":"noindex","follow":"nofollow"},"og_locale":"en_GB","og_type":"article","og_title":"Privacy e Cookie Policy - Taxi Service Siracusa","og_description":"PRIVACY E COOKIE POLICY Privacy Policy In questa pagina vengono descritte le procedure di gestione del sito www.taxiservicesiracusa.com relativamente al trattamento dei dati personali degli utenti che vi navigano. L\u2019informativa sulla privacy \u00e8 resa ai sensi dell\u2019art. 13 del d. lg. n. 196\/2003 \u2013 Codice in materia di protezione dei dati personali a coloro che&hellip;","og_url":"https:\/\/taxiservicesiracusa.com\/en\/privacy-policy\/","og_site_name":"Taxi Service Siracusa","article_modified_time":"2022-04-01T09:15:12+00:00","twitter_card":"summary_large_image","twitter_misc":{"Estimated reading time":"7 minutes"},"schema":{"@context":"https:\/\/schema.org","@graph":[{"@type":"WebPage","@id":"https:\/\/taxiservicesiracusa.com\/privacy-policy\/","url":"https:\/\/taxiservicesiracusa.com\/privacy-policy\/","name":"Privacy e Cookie Policy - Taxi Service Siracusa","isPartOf":{"@id":"https:\/\/taxiservicesiracusa.com\/#website"},"datePublished":"2021-12-22T08:28:46+00:00","dateModified":"2022-04-01T09:15:12+00:00","breadcrumb":{"@id":"https:\/\/taxiservicesiracusa.com\/privacy-policy\/#breadcrumb"},"inLanguage":"en-GB","potentialAction":[{"@type":"ReadAction","target":["https:\/\/taxiservicesiracusa.com\/privacy-policy\/"]}]},{"@type":"BreadcrumbList","@id":"https:\/\/taxiservicesiracusa.com\/privacy-policy\/#breadcrumb","itemListElement":[{"@type":"ListItem","position":1,"name":"Home","item":"https:\/\/taxiservicesiracusa.com\/"},{"@type":"ListItem","position":2,"name":"Privacy e Cookie Policy"}]},{"@type":"WebSite","@id":"https:\/\/taxiservicesiracusa.com\/#website","url":"https:\/\/taxiservicesiracusa.com\/","name":"Taxi Service Siracusa","description":"Taxi Service Syracuse","publisher":{"@id":"https:\/\/taxiservicesiracusa.com\/#organization"},"potentialAction":[{"@type":"SearchAction","target":{"@type":"EntryPoint","urlTemplate":"https:\/\/taxiservicesiracusa.com\/?s={search_term_string}"},"query-input":{"@type":"PropertyValueSpecification","valueRequired":true,"valueName":"search_term_string"}}],"inLanguage":"en-GB"},{"@type":"Organization","@id":"https:\/\/taxiservicesiracusa.com\/#organization","name":"Taxi Service Siracusa","url":"https:\/\/taxiservicesiracusa.com\/","logo":{"@type":"ImageObject","inLanguage":"en-GB","@id":"https:\/\/taxiservicesiracusa.com\/#\/schema\/logo\/image\/","url":"https:\/\/taxiservicesiracusa.com\/wp-content\/uploads\/2022\/01\/logo-Taxi-Service-Siracusa-180px.png","contentUrl":"https:\/\/taxiservicesiracusa.com\/wp-content\/uploads\/2022\/01\/logo-Taxi-Service-Siracusa-180px.png","width":569,"height":180,"caption":"Taxi Service Siracusa"},"image":{"@id":"https:\/\/taxiservicesiracusa.com\/#\/schema\/logo\/image\/"}}]}},"_links":{"self":[{"href":"https:\/\/taxiservicesiracusa.com\/en\/wp-json\/wp\/v2\/pages\/3","targetHints":{"allow":["GET"]}}],"collection":[{"href":"https:\/\/taxiservicesiracusa.com\/en\/wp-json\/wp\/v2\/pages"}],"about":[{"href":"https:\/\/taxiservicesiracusa.com\/en\/wp-json\/wp\/v2\/types\/page"}],"author":[{"embeddable":true,"href":"https:\/\/taxiservicesiracusa.com\/en\/wp-json\/wp\/v2\/users\/1"}],"replies":[{"embeddable":true,"href":"https:\/\/taxiservicesiracusa.com\/en\/wp-json\/wp\/v2\/comments?post=3"}],"version-history":[{"count":5,"href":"https:\/\/taxiservicesiracusa.com\/en\/wp-json\/wp\/v2\/pages\/3\/revisions"}],"predecessor-version":[{"id":381,"href":"https:\/\/taxiservicesiracusa.com\/en\/wp-json\/wp\/v2\/pages\/3\/revisions\/381"}],"wp:attachment":[{"href":"https:\/\/taxiservicesiracusa.com\/en\/wp-json\/wp\/v2\/media?parent=3"}],"curies":[{"name":"wp","href":"https:\/\/api.w.org\/{rel}","templated":true}]}}